{"id":240,"date":"2016-01-22T06:51:25","date_gmt":"2016-01-22T05:51:25","guid":{"rendered":"https:\/\/8degreethemes.com\/demo\/fortyseven-street\/?page_id=240"},"modified":"2018-01-17T21:17:40","modified_gmt":"2018-01-17T20:17:40","slug":"about-us","status":"publish","type":"page","link":"https:\/\/corydalis.sarl\/index.php\/about-us\/","title":{"rendered":"Pr\u00e9sentation"},"content":{"rendered":"<p>S\u00e9bastien DUROT, Ing\u00e9nieur paysagiste dipl\u00f4m\u00e9 de l&rsquo;ENITHP d&rsquo;Angers (Paysagiste concepteur), s&rsquo;est sp\u00e9cialis\u00e9 d\u00e8s 1994 dans les techniques d&rsquo;am\u00e9nagement, de gestion et de d\u00e9veloppement respectueuses de l&rsquo;environnement.<br \/>\nApr\u00e8s une carri\u00e8re au sein des conservatoires d&rsquo;espaces naturels et d&rsquo;un des principaux bureau d&rsquo;\u00e9tude sp\u00e9cialis\u00e9 dans l&rsquo;expertise des milieux naturels, il cr\u00e9e Corydalis en 2017.<\/p>\n<p>Il vous propose son expertise en mati\u00e8re de paysage et de biodiversit\u00e9 et plus globalement en mati\u00e8re d&rsquo;am\u00e9nagement<br \/>\ndurable. Il vous propose une approche transversale ou th\u00e9matique au service de votre projet.<\/p>\n<p>Il vous accompagne \u00e0 toutes les \u00e9tapes du projet, de l&rsquo;id\u00e9e et l&rsquo;analyse de sa faisabilit\u00e9, \u00e0 sa mise en \u0153uvre et son suivi. Il vous accompagne \u00e9galement pour l&rsquo;obtention des autorisations administratives.<\/p>\n","protected":false},"excerpt":{"rendered":"<p>S\u00e9bastien DUROT, Ing\u00e9nieur paysagiste dipl\u00f4m\u00e9 de l&rsquo;ENITHP d&rsquo;Angers (Paysagiste concepteur), s&rsquo;est sp\u00e9cialis\u00e9 d\u00e8s 1994 dans les techniques d&rsquo;am\u00e9nagement, de gestion et de d\u00e9veloppement respectueuses de l&rsquo;environnement. Apr\u00e8s une carri\u00e8re au sein des conservatoires d&rsquo;espaces naturels et d&rsquo;un des principaux bureau d&rsquo;\u00e9tude sp\u00e9cialis\u00e9 dans l&rsquo;expertise des milieux naturels, il cr\u00e9e Corydalis en 2017. Il vous propose [&hellip;]<\/p>\n","protected":false},"author":1,"featured_media":613,"parent":0,"menu_order":0,"comment_status":"closed","ping_status":"closed","template":"","meta":{"footnotes":""},"class_list":["post-240","page","type-page","status-publish","has-post-thumbnail","hentry"],"_links":{"self":[{"href":"https:\/\/corydalis.sarl\/index.php\/wp-json\/wp\/v2\/pages\/240","targetHints":{"allow":["GET"]}}],"collection":[{"href":"https:\/\/corydalis.sarl\/index.php\/wp-json\/wp\/v2\/pages"}],"about":[{"href":"https:\/\/corydalis.sarl\/index.php\/wp-json\/wp\/v2\/types\/page"}],"author":[{"embeddable":true,"href":"https:\/\/corydalis.sarl\/index.php\/wp-json\/wp\/v2\/users\/1"}],"replies":[{"embeddable":true,"href":"https:\/\/corydalis.sarl\/index.php\/wp-json\/wp\/v2\/comments?post=240"}],"version-history":[{"count":4,"href":"https:\/\/corydalis.sarl\/index.php\/wp-json\/wp\/v2\/pages\/240\/revisions"}],"predecessor-version":[{"id":616,"href":"https:\/\/corydalis.sarl\/index.php\/wp-json\/wp\/v2\/pages\/240\/revisions\/616"}],"wp:featuredmedia":[{"embeddable":true,"href":"https:\/\/corydalis.sarl\/index.php\/wp-json\/wp\/v2\/media\/613"}],"wp:attachment":[{"href":"https:\/\/corydalis.sarl\/index.php\/wp-json\/wp\/v2\/media?parent=240"}],"curies":[{"name":"wp","href":"https:\/\/api.w.org\/{rel}","templated":true}]}}